{"id":1853,"date":"2025-04-02T10:49:30","date_gmt":"2025-04-02T08:49:30","guid":{"rendered":"https:\/\/golfclubpuntaldia.it\/?page_id=1853"},"modified":"2025-04-10T21:10:44","modified_gmt":"2025-04-10T19:10:44","slug":"eventi","status":"publish","type":"page","link":"https:\/\/golfclubpuntaldia.it\/en\/eventi\/","title":{"rendered":"Eventi"},"content":{"rendered":"<div data-elementor-type=\"wp-page\" data-elementor-id=\"1853\" class=\"elementor elementor-1853\">\n\t\t\t\t\t\t<section class=\"elementor-section elementor-top-section elementor-element elementor-element-edff081 elementor-section-full_width elementor-section-height-default elementor-section-height-default rael-particle-no wpr-particle-no wpr-jarallax-no wpr-parallax-no wpr-sticky-section-no\" data-id=\"edff081\" data-element_type=\"section\" data-e-type=\"section\">\n\t\t\t\t\t\t<div class=\"elementor-container elementor-column-gap-no\">\n\t\t\t\t\t<div class=\"elementor-column elementor-col-100 elementor-top-column elementor-element elementor-element-64bb147 rael-particle-no\" data-id=\"64bb147\" data-element_type=\"column\" data-e-type=\"column\">\n\t\t\t<div class=\"elementor-widget-wrap elementor-element-populated\">\n\t\t\t\t<div class=\"elementor-element elementor-element-dc313ec e-flex e-con-boxed rael-particle-no wpr-particle-no wpr-jarallax-no wpr-parallax-no wpr-sticky-section-no e-con e-parent\" data-id=\"dc313ec\" data-element_type=\"container\" data-e-type=\"container\" data-settings=\"{&quot;background_background&quot;:&quot;classic&quot;}\">\n\t\t\t\t\t<div class=\"e-con-inner\">\n\t\t\t\t<div class=\"elementor-element elementor-element-af9b6b9 elementor-widget__width-inherit elementor-absolute elementor-widget elementor-widget-image\" data-id=\"af9b6b9\" data-element_type=\"widget\" data-e-type=\"widget\" data-settings=\"{&quot;_position&quot;:&quot;absolute&quot;}\" data-widget_type=\"image.default\">\n\t\t\t\t<div class=\"elementor-widget-container\">\n\t\t\t\t\t\t\t\t\t\t\t\t\t\t\t\t<a href=\"#down\">\n\t\t\t\t\t\t\t<img decoding=\"async\" width=\"24\" height=\"24\" src=\"https:\/\/golfclubpuntaldia.it\/wp-content\/uploads\/2025\/03\/Chevron-down-small-circle.svg\" class=\"attachment-full size-full wp-image-880\" alt=\"\" \/>\t\t\t\t\t\t\t\t<\/a>\n\t\t\t\t\t\t\t\t\t\t\t\t\t\t\t<\/div>\n\t\t\t\t<\/div>\n\t\t\t\t\t<\/div>\n\t\t\t\t<\/div>\n\t\t\t\t\t<\/div>\n\t\t<\/div>\n\t\t\t\t\t<\/div>\n\t\t<\/section>\n\t\t\t\t<section class=\"elementor-section elementor-top-section elementor-element elementor-element-b02cd77 elementor-section-height-min-height testo-centrato intro elementor-section-boxed elementor-section-height-default elementor-section-items-middle rael-particle-no wpr-particle-no wpr-jarallax-no wpr-parallax-no wpr-sticky-section-no\" data-id=\"b02cd77\" data-element_type=\"section\" data-e-type=\"section\" id=\"down\" data-settings=\"{&quot;background_background&quot;:&quot;classic&quot;}\">\n\t\t\t\t\t\t<div class=\"elementor-container elementor-column-gap-default\">\n\t\t\t\t\t<div class=\"elementor-column elementor-col-100 elementor-top-column elementor-element elementor-element-11c130a rael-particle-no\" data-id=\"11c130a\" data-element_type=\"column\" data-e-type=\"column\">\n\t\t\t<div class=\"elementor-widget-wrap elementor-element-populated\">\n\t\t\t\t\t\t<div class=\"elementor-element elementor-element-7df89f7 elementor-widget__width-initial elementor-widget elementor-widget-heading\" data-id=\"7df89f7\" data-element_type=\"widget\" data-e-type=\"widget\" data-widget_type=\"heading.default\">\n\t\t\t\t<div class=\"elementor-widget-container\">\n\t\t\t\t\t<h2 class=\"elementor-heading-title elementor-size-default\">Every moment becomes special<\/h2>\t\t\t\t<\/div>\n\t\t\t\t<\/div>\n\t\t\t\t<div class=\"elementor-element elementor-element-6a9035e elementor-widget__width-initial elementor-widget elementor-widget-text-editor\" data-id=\"6a9035e\" data-element_type=\"widget\" data-e-type=\"widget\" data-widget_type=\"text-editor.default\">\n\t\t\t\t<div class=\"elementor-widget-container\">\n\t\t\t\t\t\t\t\t\t<p>Each event is a unique opportunity to experience the elegance and beauty of an unparalleled location. Surrounded by uncontaminated nature and with a breathtaking view of the sea, our club hosts a series of exclusive moments that combine sport, conviviality and solidarity. Each competition is an opportunity to experience unique emotions, meet great talents and share the passion for this timeless sport.<\/p>\t\t\t\t\t\t\t\t<\/div>\n\t\t\t\t<\/div>\n\t\t\t\t\t<\/div>\n\t\t<\/div>\n\t\t\t\t\t<\/div>\n\t\t<\/section>\n\t\t<div class=\"elementor-element elementor-element-dd90bfa box-eventi e-flex e-con-boxed rael-particle-no wpr-particle-no wpr-jarallax-no wpr-parallax-no wpr-sticky-section-no e-con e-parent\" data-id=\"dd90bfa\" data-element_type=\"container\" data-e-type=\"container\">\n\t\t\t\t\t<div class=\"e-con-inner\">\n\t\t<div class=\"elementor-element elementor-element-f0e7ece e-con-full e-flex rael-particle-no wpr-particle-no wpr-jarallax-no wpr-parallax-no wpr-sticky-section-no e-con e-child\" data-id=\"f0e7ece\" data-element_type=\"container\" data-e-type=\"container\">\n\t\t\t\t<div class=\"elementor-element elementor-element-204078f elementor-widget elementor-widget-image\" data-id=\"204078f\" data-element_type=\"widget\" data-e-type=\"widget\" data-widget_type=\"image.default\">\n\t\t\t\t<div class=\"elementor-widget-container\">\n\t\t\t\t\t\t\t\t\t\t\t\t\t\t\t<img fetchpriority=\"high\" decoding=\"async\" width=\"595\" height=\"595\" src=\"https:\/\/golfclubpuntaldia.it\/wp-content\/uploads\/2025\/04\/Tavola-disegno-75-100-3.jpg\" class=\"attachment-full size-full wp-image-1856\" alt=\"\" srcset=\"https:\/\/golfclubpuntaldia.it\/wp-content\/uploads\/2025\/04\/Tavola-disegno-75-100-3.jpg 595w, https:\/\/golfclubpuntaldia.it\/wp-content\/uploads\/2025\/04\/Tavola-disegno-75-100-3-300x300.jpg 300w, https:\/\/golfclubpuntaldia.it\/wp-content\/uploads\/2025\/04\/Tavola-disegno-75-100-3-150x150.jpg 150w\" sizes=\"(max-width: 595px) 100vw, 595px\" \/>\t\t\t\t\t\t\t\t\t\t\t\t\t\t\t<\/div>\n\t\t\t\t<\/div>\n\t\t\t\t<div class=\"elementor-element elementor-element-4a32b53 elementor-widget__width-inherit elementor-absolute testo-box-centro elementor-widget elementor-widget-heading\" data-id=\"4a32b53\" data-element_type=\"widget\" data-e-type=\"widget\" data-settings=\"{&quot;_position&quot;:&quot;absolute&quot;}\" data-widget_type=\"heading.default\">\n\t\t\t\t<div class=\"elementor-widget-container\">\n\t\t\t\t\t<h2 class=\"elementor-heading-title elementor-size-default\"><a href=\"\/en\/due-lune-invitational\/\">Due Lune Invitational<\/a><\/h2>\t\t\t\t<\/div>\n\t\t\t\t<\/div>\n\t\t\t\t<\/div>\n\t\t<div class=\"elementor-element elementor-element-ffec6b1 e-con-full e-flex rael-particle-no wpr-particle-no wpr-jarallax-no wpr-parallax-no wpr-sticky-section-no e-con e-child\" data-id=\"ffec6b1\" data-element_type=\"container\" data-e-type=\"container\">\n\t\t\t\t<div class=\"elementor-element elementor-element-9a2e57d elementor-widget elementor-widget-image\" data-id=\"9a2e57d\" data-element_type=\"widget\" data-e-type=\"widget\" data-widget_type=\"image.default\">\n\t\t\t\t<div class=\"elementor-widget-container\">\n\t\t\t\t\t\t\t\t\t\t\t\t\t\t\t<img decoding=\"async\" width=\"595\" height=\"595\" src=\"https:\/\/golfclubpuntaldia.it\/wp-content\/uploads\/2025\/04\/Tavola-disegno-76-100-2.jpg\" class=\"attachment-full size-full wp-image-1857\" alt=\"\" srcset=\"https:\/\/golfclubpuntaldia.it\/wp-content\/uploads\/2025\/04\/Tavola-disegno-76-100-2.jpg 595w, https:\/\/golfclubpuntaldia.it\/wp-content\/uploads\/2025\/04\/Tavola-disegno-76-100-2-300x300.jpg 300w, https:\/\/golfclubpuntaldia.it\/wp-content\/uploads\/2025\/04\/Tavola-disegno-76-100-2-150x150.jpg 150w\" sizes=\"(max-width: 595px) 100vw, 595px\" \/>\t\t\t\t\t\t\t\t\t\t\t\t\t\t\t<\/div>\n\t\t\t\t<\/div>\n\t\t\t\t<div class=\"elementor-element elementor-element-9c19933 elementor-widget__width-inherit elementor-absolute testo-box-centro elementor-widget elementor-widget-heading\" data-id=\"9c19933\" data-element_type=\"widget\" data-e-type=\"widget\" data-settings=\"{&quot;_position&quot;:&quot;absolute&quot;}\" data-widget_type=\"heading.default\">\n\t\t\t\t<div class=\"elementor-widget-container\">\n\t\t\t\t\t<h2 class=\"elementor-heading-title elementor-size-default\"><a href=\"\/en\/moonlight-cup\/\">Moonlight Cup<\/a><\/h2>\t\t\t\t<\/div>\n\t\t\t\t<\/div>\n\t\t\t\t<\/div>\n\t\t\t\t\t<\/div>\n\t\t\t\t<\/div>\n\t\t\t\t<\/div>","protected":false},"excerpt":{"rendered":"<p>Ogni momento diventa speciale Ogni evento \u00e8 un\u2019occasione unica per vivere l\u2019eleganza e la bellezza di una location senza pari. Immerso nella natura incontaminata e con una vista mozzafiato sul mare, il nostro club ospita una serie di momenti esclusivi che uniscono sport, convivialit\u00e0 e solidariet\u00e0. Ogni competizione \u00e8 un\u2019opportunit\u00e0 per vivere emozioni uniche, incontrare grandi talenti e condividere la passione per questo sport senza tempo. Due Lune Invitational Moonlight Cup<\/p>","protected":false},"author":1,"featured_media":0,"parent":0,"menu_order":0,"comment_status":"closed","ping_status":"closed","template":"elementor_canvas","meta":{"inline_featured_image":false,"footnotes":""},"class_list":["post-1853","page","type-page","status-publish","hentry"],"_links":{"self":[{"href":"https:\/\/golfclubpuntaldia.it\/en\/wp-json\/wp\/v2\/pages\/1853","targetHints":{"allow":["GET"]}}],"collection":[{"href":"https:\/\/golfclubpuntaldia.it\/en\/wp-json\/wp\/v2\/pages"}],"about":[{"href":"https:\/\/golfclubpuntaldia.it\/en\/wp-json\/wp\/v2\/types\/page"}],"author":[{"embeddable":true,"href":"https:\/\/golfclubpuntaldia.it\/en\/wp-json\/wp\/v2\/users\/1"}],"replies":[{"embeddable":true,"href":"https:\/\/golfclubpuntaldia.it\/en\/wp-json\/wp\/v2\/comments?post=1853"}],"version-history":[{"count":28,"href":"https:\/\/golfclubpuntaldia.it\/en\/wp-json\/wp\/v2\/pages\/1853\/revisions"}],"predecessor-version":[{"id":3044,"href":"https:\/\/golfclubpuntaldia.it\/en\/wp-json\/wp\/v2\/pages\/1853\/revisions\/3044"}],"wp:attachment":[{"href":"https:\/\/golfclubpuntaldia.it\/en\/wp-json\/wp\/v2\/media?parent=1853"}],"curies":[{"name":"wp","href":"https:\/\/api.w.org\/{rel}","templated":true}]}}